{"id":120,"date":"2023-03-23T10:29:53","date_gmt":"2023-03-23T10:29:53","guid":{"rendered":"https:\/\/wordpress-830404-3355129.cloudwaysapps.com\/?page_id=120"},"modified":"2024-06-25T06:33:19","modified_gmt":"2024-06-25T06:33:19","slug":"haus-jork","status":"publish","type":"page","link":"https:\/\/ferien-haus-altesland.de\/index.php\/haus-jork\/","title":{"rendered":"Haus Jork"},"content":{"rendered":"<p>[et_pb_section fb_built=&#8220;1&#8243; admin_label=&#8220;Header&#8220; _builder_version=&#8220;4.17.6&#8243; _module_preset=&#8220;default&#8220; background_color=&#8220;#EBE4DD&#8220; custom_padding=&#8220;||0px||false|false&#8220; collapsed=&#8220;on&#8220; global_colors_info=&#8220;{}&#8220;][et_pb_row _builder_version=&#8220;4.17.6&#8243; _module_preset=&#8220;default&#8220; global_colors_info=&#8220;{}&#8220;][et_pb_column type=&#8220;4_4&#8243; _builder_version=&#8220;4.17.6&#8243; _module_preset=&#8220;default&#8220; global_colors_info=&#8220;{}&#8220;][et_pb_text _builder_version=&#8220;4.20.2&#8243; _module_preset=&#8220;c16985e1-e0d6-4022-964d-e2bfc04fa633&#8243; header_font=&#8220;Manrope|700|||||||&#8220; header_text_color=&#8220;#000000&#8243; header_font_size=&#8220;75px&#8220; header_letter_spacing=&#8220;0.05em&#8220; header_line_height=&#8220;1.2em&#8220; header_font_size_tablet=&#8220;40px&#8220; header_font_size_phone=&#8220;24px&#8220; header_font_size_last_edited=&#8220;on|desktop&#8220; global_colors_info=&#8220;{}&#8220;]<\/p>\n<h1>Haus Jork<\/h1>\n<p>[\/et_pb_text][\/et_pb_column][\/et_pb_row][et_pb_row column_structure=&#8220;3_5,2_5&#8243; _builder_version=&#8220;4.17.6&#8243; _module_preset=&#8220;default&#8220; custom_margin=&#8220;|auto|-9px|auto|false|false&#8220; global_colors_info=&#8220;{}&#8220;][et_pb_column type=&#8220;3_5&#8243; _builder_version=&#8220;4.17.6&#8243; _module_preset=&#8220;default&#8220; global_colors_info=&#8220;{}&#8220;][et_pb_image src=&#8220;https:\/\/ferien-haus-altesland.de\/wp-content\/uploads\/2023\/07\/IMG_8022_web.jpg&#8220; title_text=&#8220;IMG_8022_web&#8220; _builder_version=&#8220;4.21.0&#8243; _module_preset=&#8220;default&#8220; custom_margin=&#8220;|-11vw|||false|false&#8220; custom_margin_tablet=&#8220;|0vw|||false|false&#8220; custom_margin_phone=&#8220;|0vw|||false|false&#8220; custom_margin_last_edited=&#8220;on|tablet&#8220; global_colors_info=&#8220;{}&#8220;][\/et_pb_image][et_pb_text _builder_version=&#8220;4.20.2&#8243; _module_preset=&#8220;4c43b4b6-66bf-432d-959a-705bda24a650&#8243; text_font=&#8220;Open Sans||||||||&#8220; text_text_color=&#8220;#666666&#8243; text_line_height=&#8220;1.8em&#8220; link_text_color=&#8220;#666666&#8243; header_font_size_tablet=&#8220;55px&#8220; header_font_size_last_edited=&#8220;off|desktop&#8220; global_colors_info=&#8220;{}&#8220;]<\/p>\n<p>Erleben Sie modernes Holzh\u00fctten-Flair in unserem Haus Jork. Das Haus Jork bietet eine gro\u00dfz\u00fcgige Wohnfl\u00e4che von 50qm, welche eine ger\u00e4umige K\u00fcche, eine gem\u00fctliche Sofaecke sowie einen Esstisch f\u00fcr bis zu sechs Personen beinhaltet. Der Schlafbereich ist offen und kann nicht durch eine T\u00fcr verschlossen werden, liegt jedoch dennoch zur\u00fcckgezogen.<\/p>\n<p><span>Selbstversorger k\u00f6nnen die Idylle und Ruhe der Umgebung genie\u00dfen.\u00a0<\/span><\/p>\n<p>[\/et_pb_text][et_pb_text _builder_version=&#8220;4.20.2&#8243; _module_preset=&#8220;1f09816e-184e-4ce5-a4cf-b39c52c423ca&#8220; text_font=&#8220;Open Sans||||||||&#8220; text_text_color=&#8220;#666666&#8243; text_font_size=&#8220;16px&#8220; text_line_height=&#8220;1.8em&#8220; link_text_color=&#8220;#666666&#8243; custom_margin=&#8220;30px||0px||false|false&#8220; text_font_size_tablet=&#8220;15px&#8220; text_font_size_phone=&#8220;14px&#8220; text_font_size_last_edited=&#8220;on|phone&#8220; header_font_size_tablet=&#8220;55px&#8220; header_font_size_last_edited=&#8220;off|desktop&#8220; global_colors_info=&#8220;{}&#8220;]<\/p>\n<p>Preis pro Nacht<\/p>\n<p>[\/et_pb_text][et_pb_text _builder_version=&#8220;4.20.4&#8243; _module_preset=&#8220;aaa7c440-590a-4078-ae0c-0f3c699ac51c&#8220; header_font=&#8220;||||||||&#8220; header_3_font=&#8220;Manrope|700|||||||&#8220; header_3_text_color=&#8220;#000000&#8243; header_3_font_size=&#8220;25px&#8220; header_3_line_height=&#8220;1.4em&#8220; header_3_font_size_tablet=&#8220;20px&#8220; header_3_font_size_phone=&#8220;16px&#8220; header_3_font_size_last_edited=&#8220;on|phone&#8220; global_colors_info=&#8220;{}&#8220;]<\/p>\n<h3>109 \u20ac<\/h3>\n<p>[\/et_pb_text][\/et_pb_column][et_pb_column type=&#8220;2_5&#8243; _builder_version=&#8220;4.17.6&#8243; _module_preset=&#8220;default&#8220; custom_padding=&#8220;10%||||false|false&#8220; global_colors_info=&#8220;{}&#8220;][et_pb_image src=&#8220;https:\/\/ferien-haus-altesland.de\/wp-content\/uploads\/2024\/06\/47654b8a-3d6f-4205-99e4-f523bf907bd6.jpg&#8220; title_text=&#8220;47654b8a-3d6f-4205-99e4-f523bf907bd6&#8243; _builder_version=&#8220;4.23&#8243; _module_preset=&#8220;default&#8220; global_colors_info=&#8220;{}&#8220;][\/et_pb_image][et_pb_button button_url=&#8220;https:\/\/ferien-haus-altesland.de\/index.php\/buchen\/&#8220; button_text=&#8220;Jetzt Buchen&#8220; _builder_version=&#8220;4.20.4&#8243; _module_preset=&#8220;31b4f027-aaa0-4f2f-ae02-959764e19e4f&#8220; custom_button=&#8220;on&#8220; button_text_size=&#8220;14px&#8220; button_text_color=&#8220;#FFFFFF&#8220; button_bg_color=&#8220;#D37643&#8243; button_border_width=&#8220;0px&#8220; button_border_radius=&#8220;0px&#8220; button_font=&#8220;Inter|700||on|||||&#8220; custom_padding=&#8220;16px|24px|16px|24px|true|true&#8220; global_colors_info=&#8220;{}&#8220;][\/et_pb_button][\/et_pb_column][\/et_pb_row][et_pb_row _builder_version=&#8220;4.20.2&#8243; _module_preset=&#8220;default&#8220; global_colors_info=&#8220;{}&#8220;][et_pb_column type=&#8220;4_4&#8243; _builder_version=&#8220;4.20.2&#8243; _module_preset=&#8220;default&#8220; global_colors_info=&#8220;{}&#8220;][et_pb_text _builder_version=&#8220;4.20.2&#8243; _module_preset=&#8220;default&#8220; global_colors_info=&#8220;{}&#8220;]<\/p>\n<p><span>Das Alte Land mit seinem eigenen Charme wird Sie begeistern, sei es bei einem Spaziergang an der Elbe, in den Apfelh\u00f6fen oder beim Bummel durch wundersch\u00f6ne D\u00f6rfer wie Jork mit Fachwerkh\u00e4usern oder einer Fahrradtour. Das Hotel Villa Altes Land sowie das Alte Land sind zu jeder Jahreszeit einen Besuch wert, nicht nur w\u00e4hrend der Apfel- oder Kirschbl\u00fcte. Hamburg sowie die malerischen St\u00e4dtchen Stade und Buxtehude sind innerhalb von 10-40 Minuten erreichbar. Informieren Sie sich auf unserer Homepage \u00fcber zahlreiche Freizeitaktivit\u00e4ten und Sehensw\u00fcrdigkeiten im gr\u00f6\u00dften zusammenh\u00e4ngenden Obstanbaugebiet Deutschlands, dem Alten Land.<\/span><\/p>\n<p>[\/et_pb_text][\/et_pb_column][\/et_pb_row][et_pb_row column_structure=&#8220;1_3,1_3,1_3&#8243; custom_padding_last_edited=&#8220;on|phone&#8220; _builder_version=&#8220;4.17.6&#8243; _module_preset=&#8220;default&#8220; background_color=&#8220;#FFFFFF&#8220; custom_padding=&#8220;60px|60px|60px|60px|true|true&#8220; custom_padding_tablet=&#8220;30px|30px|30px|30px|true|true&#8220; custom_padding_phone=&#8220;30px|20px|30px|20px|true|true&#8220; box_shadow_style=&#8220;preset1&#8243; box_shadow_vertical=&#8220;40px&#8220; box_shadow_blur=&#8220;50px&#8220; box_shadow_color=&#8220;rgba(63,22,0,0.2)&#8220; global_colors_info=&#8220;{}&#8220;][et_pb_column type=&#8220;1_3&#8243; _builder_version=&#8220;4.17.6&#8243; _module_preset=&#8220;default&#8220; global_colors_info=&#8220;{}&#8220;][et_pb_image src=&#8220;https:\/\/ferien-haus-altesland.de\/wp-content\/uploads\/2024\/06\/91089659-e0c0-4ae9-971f-ec4fe217f422.jpg&#8220; title_text=&#8220;91089659-e0c0-4ae9-971f-ec4fe217f422&#8243; align=&#8220;center&#8220; _builder_version=&#8220;4.23&#8243; _module_preset=&#8220;default&#8220; hover_enabled=&#8220;0&#8243; global_colors_info=&#8220;{}&#8220; show_in_lightbox=&#8220;on&#8220; sticky_enabled=&#8220;0&#8243;][\/et_pb_image][\/et_pb_column][et_pb_column type=&#8220;1_3&#8243; _builder_version=&#8220;4.17.6&#8243; _module_preset=&#8220;default&#8220; custom_padding_tablet=&#8220;30px||||false|false&#8220; custom_padding_phone=&#8220;30px||||false|false&#8220; custom_padding_last_edited=&#8220;on|tablet&#8220; global_colors_info=&#8220;{}&#8220;][et_pb_image src=&#8220;https:\/\/ferien-haus-altesland.de\/wp-content\/uploads\/2024\/06\/f0ce37a9-dcf2-4f5a-98de-930baeec08d4.jpg&#8220; title_text=&#8220;f0ce37a9-dcf2-4f5a-98de-930baeec08d4&#8243; align=&#8220;center&#8220; _builder_version=&#8220;4.23&#8243; _module_preset=&#8220;default&#8220; hover_enabled=&#8220;0&#8243; global_colors_info=&#8220;{}&#8220; show_in_lightbox=&#8220;on&#8220; sticky_enabled=&#8220;0&#8243;][\/et_pb_image][\/et_pb_column][et_pb_column type=&#8220;1_3&#8243; _builder_version=&#8220;4.17.6&#8243; _module_preset=&#8220;default&#8220; custom_padding_tablet=&#8220;30px||||false|false&#8220; custom_padding_phone=&#8220;30px||||false|false&#8220; custom_padding_last_edited=&#8220;on|tablet&#8220; global_colors_info=&#8220;{}&#8220;][et_pb_image src=&#8220;https:\/\/ferien-haus-altesland.de\/wp-content\/uploads\/2024\/06\/c7c55aa8-4ef7-490e-8c6e-0a631507bd69.jpg&#8220; title_text=&#8220;c7c55aa8-4ef7-490e-8c6e-0a631507bd69&#8243; align=&#8220;center&#8220; _builder_version=&#8220;4.23&#8243; _module_preset=&#8220;default&#8220; hover_enabled=&#8220;0&#8243; global_colors_info=&#8220;{}&#8220; show_in_lightbox=&#8220;on&#8220; sticky_enabled=&#8220;0&#8243;][\/et_pb_image][\/et_pb_column][\/et_pb_row][et_pb_row column_structure=&#8220;1_3,1_3,1_3&#8243; custom_padding_last_edited=&#8220;on|phone&#8220; _builder_version=&#8220;4.17.6&#8243; _module_preset=&#8220;default&#8220; background_color=&#8220;#FFFFFF&#8220; custom_padding=&#8220;60px|60px|60px|60px|true|true&#8220; custom_padding_tablet=&#8220;30px|30px|30px|30px|true|true&#8220; custom_padding_phone=&#8220;30px|20px|30px|20px|true|true&#8220; box_shadow_style=&#8220;preset1&#8243; box_shadow_vertical=&#8220;40px&#8220; box_shadow_blur=&#8220;50px&#8220; box_shadow_color=&#8220;rgba(63,22,0,0.2)&#8220; global_colors_info=&#8220;{}&#8220;][et_pb_column type=&#8220;1_3&#8243; _builder_version=&#8220;4.17.6&#8243; _module_preset=&#8220;default&#8220; global_colors_info=&#8220;{}&#8220;][et_pb_image src=&#8220;https:\/\/ferien-haus-altesland.de\/wp-content\/uploads\/2024\/06\/4f216b86-fe31-40bd-8883-26b0cce755b4.jpg&#8220; title_text=&#8220;4f216b86-fe31-40bd-8883-26b0cce755b4&#8243; align=&#8220;center&#8220; _builder_version=&#8220;4.23&#8243; _module_preset=&#8220;default&#8220; hover_enabled=&#8220;0&#8243; global_colors_info=&#8220;{}&#8220; show_in_lightbox=&#8220;on&#8220; sticky_enabled=&#8220;0&#8243;][\/et_pb_image][\/et_pb_column][et_pb_column type=&#8220;1_3&#8243; _builder_version=&#8220;4.17.6&#8243; _module_preset=&#8220;default&#8220; custom_padding_tablet=&#8220;30px||||false|false&#8220; custom_padding_phone=&#8220;30px||||false|false&#8220; custom_padding_last_edited=&#8220;on|tablet&#8220; global_colors_info=&#8220;{}&#8220;][et_pb_image src=&#8220;https:\/\/ferien-haus-altesland.de\/wp-content\/uploads\/2024\/06\/9c58555c-3916-4f2f-a8e4-20928d1d2972.jpg&#8220; title_text=&#8220;9c58555c-3916-4f2f-a8e4-20928d1d2972&#8243; _builder_version=&#8220;4.23&#8243; _module_preset=&#8220;default&#8220; hover_enabled=&#8220;0&#8243; global_colors_info=&#8220;{}&#8220; show_in_lightbox=&#8220;on&#8220; sticky_enabled=&#8220;0&#8243;][\/et_pb_image][\/et_pb_column][et_pb_column type=&#8220;1_3&#8243; _builder_version=&#8220;4.17.6&#8243; _module_preset=&#8220;default&#8220; custom_padding_tablet=&#8220;30px||||false|false&#8220; custom_padding_phone=&#8220;30px||||false|false&#8220; custom_padding_last_edited=&#8220;on|tablet&#8220; global_colors_info=&#8220;{}&#8220;][et_pb_image src=&#8220;https:\/\/ferien-haus-altesland.de\/wp-content\/uploads\/2024\/06\/74fe03fb-e80e-4171-8f7a-0228b4d75f47.jpg&#8220; title_text=&#8220;74fe03fb-e80e-4171-8f7a-0228b4d75f47&#8243; show_in_lightbox=&#8220;on&#8220; _builder_version=&#8220;4.23&#8243; _module_preset=&#8220;default&#8220; global_colors_info=&#8220;{}&#8220;][\/et_pb_image][\/et_pb_column][\/et_pb_row][\/et_pb_section][et_pb_section fb_built=&#8220;1&#8243; admin_label=&#8220;Service&#8220; _builder_version=&#8220;4.17.6&#8243; _module_preset=&#8220;default&#8220; background_color=&#8220;#FAF5EF&#8220; collapsed=&#8220;on&#8220; global_colors_info=&#8220;{}&#8220;][et_pb_row _builder_version=&#8220;4.17.6&#8243; _module_preset=&#8220;default&#8220; global_colors_info=&#8220;{}&#8220;][et_pb_column type=&#8220;4_4&#8243; _builder_version=&#8220;4.17.6&#8243; _module_preset=&#8220;default&#8220; z_index=&#8220;10&#8243; custom_padding=&#8220;|10%|||false|false&#8220; custom_padding_tablet=&#8220;|0%|30px||false|false&#8220; custom_padding_phone=&#8220;|0%|30px||false|false&#8220; custom_padding_last_edited=&#8220;on|tablet&#8220; global_colors_info=&#8220;{}&#8220;][et_pb_text _builder_version=&#8220;4.20.2&#8243; _module_preset=&#8220;b327cbe4-b1d5-4b66-ad37-40c8f2f061ba&#8220; header_2_font=&#8220;Manrope|700|||||||&#8220; header_2_text_color=&#8220;#000000&#8243; header_2_font_size=&#8220;48px&#8220; header_2_line_height=&#8220;1.2em&#8220; header_2_font_size_tablet=&#8220;32px&#8220; header_2_font_size_phone=&#8220;20px&#8220; header_2_font_size_last_edited=&#8220;on|desktop&#8220; global_colors_info=&#8220;{}&#8220;]<\/p>\n<h2>Haus Jork<\/h2>\n<p>[\/et_pb_text][et_pb_text _builder_version=&#8220;4.20.2&#8243; _module_preset=&#8220;4c43b4b6-66bf-432d-959a-705bda24a650&#8243; text_font=&#8220;Open Sans||||||||&#8220; text_text_color=&#8220;#666666&#8243; text_line_height=&#8220;1.8em&#8220; link_text_color=&#8220;#666666&#8243; header_font_size_tablet=&#8220;55px&#8220; header_font_size_last_edited=&#8220;off|desktop&#8220; global_colors_info=&#8220;{}&#8220;]<\/p>\n<p><span>Erleben Sie das Alte Land und tauchen Sie ein in die malerischen D\u00f6rfer mit Fachwerkh\u00e4usern, bl\u00fchenden Apfelh\u00f6fen und herrlichen Spazierwegen an der Elbe.\u00a0 Erleben Sie das gr\u00f6\u00dfte zusammenh\u00e4ngende Obstanbaugebiet Deutschlands hautnah. Kommen Sie vorbei und lassen Sie sich von dem einzigartigen Charme des Alten Landes verzaubern.<\/span><\/p>\n<p>[\/et_pb_text][\/et_pb_column][\/et_pb_row][\/et_pb_section][et_pb_section fb_built=&#8220;1&#8243; admin_label=&#8220;Call to Action&#8220; _builder_version=&#8220;4.17.6&#8243; _module_preset=&#8220;default&#8220; background_color=&#8220;#D37643&#8243; locked=&#8220;off&#8220; collapsed=&#8220;on&#8220; global_colors_info=&#8220;{}&#8220;][et_pb_row _builder_version=&#8220;4.17.6&#8243; _module_preset=&#8220;default&#8220; max_width=&#8220;860px&#8220; global_colors_info=&#8220;{}&#8220;][et_pb_column type=&#8220;4_4&#8243; _builder_version=&#8220;4.17.6&#8243; _module_preset=&#8220;default&#8220; global_colors_info=&#8220;{}&#8220;][et_pb_text _builder_version=&#8220;4.20.2&#8243; _module_preset=&#8220;e6504a1b-67eb-4b3d-b023-bcab277610b6&#8243; header_4_font=&#8220;Manrope|700||on|||||&#8220; header_4_text_color=&#8220;#FFFFFF&#8220; header_4_font_size=&#8220;14px&#8220; header_4_letter_spacing=&#8220;1px&#8220; header_4_line_height=&#8220;1.4em&#8220; text_orientation=&#8220;center&#8220; custom_margin=&#8220;||0px||false|false&#8220; global_colors_info=&#8220;{}&#8220;]<\/p>\n<h4>Ferienh\u00e4user Altes Land<\/h4>\n<p>[\/et_pb_text][et_pb_text _builder_version=&#8220;4.20.2&#8243; _module_preset=&#8220;b327cbe4-b1d5-4b66-ad37-40c8f2f061ba&#8220; header_2_font=&#8220;Manrope|700|||||||&#8220; header_2_text_color=&#8220;#FFFFFF&#8220; header_2_font_size=&#8220;48px&#8220; header_2_line_height=&#8220;1.2em&#8220; text_orientation=&#8220;center&#8220; header_2_font_size_tablet=&#8220;32px&#8220; header_2_font_size_phone=&#8220;20px&#8220; header_2_font_size_last_edited=&#8220;on|desktop&#8220; global_colors_info=&#8220;{}&#8220;]<\/p>\n<h2><span>Buchen Sie noch heute online und freuen Sie sich auf einen erholsamen Aufenthalt bei uns.<\/span><\/h2>\n<p>[\/et_pb_text][et_pb_button button_url=&#8220;https:\/\/ferien-haus-altesland.de\/index.php\/buchen\/&#8220; button_text=&#8220;Jetzt Buchen&#8220; button_alignment=&#8220;center&#8220; _builder_version=&#8220;4.20.4&#8243; _module_preset=&#8220;f489fdc3-bf1e-40c7-852b-c42851d4acb9&#8243; custom_button=&#8220;on&#8220; button_text_size=&#8220;14px&#8220; button_text_color=&#8220;#000000&#8243; button_bg_color=&#8220;#FFFFFF&#8220; button_border_width=&#8220;0px&#8220; button_border_radius=&#8220;0px&#8220; button_font=&#8220;Inter|700||on|||||&#8220; custom_padding=&#8220;16px|24px|16px|24px|true|true&#8220; global_colors_info=&#8220;{}&#8220;][\/et_pb_button][\/et_pb_column][\/et_pb_row][\/et_pb_section][et_pb_section fb_built=&#8220;1&#8243; admin_label=&#8220;Footer&#8220; _builder_version=&#8220;4.17.6&#8243; _module_preset=&#8220;default&#8220; background_color=&#8220;#FAF5EF&#8220; custom_padding=&#8220;0px||0px||false|false&#8220; collapsed=&#8220;on&#8220; global_colors_info=&#8220;{}&#8220;][et_pb_row _builder_version=&#8220;4.17.6&#8243; _module_preset=&#8220;default&#8220; width=&#8220;100%&#8220; max_width=&#8220;100%&#8220; custom_padding=&#8220;0px||0px||false|false&#8220; global_colors_info=&#8220;{}&#8220;][et_pb_column type=&#8220;4_4&#8243; _builder_version=&#8220;4.17.6&#8243; _module_preset=&#8220;default&#8220; global_colors_info=&#8220;{}&#8220;][et_pb_image src=&#8220;https:\/\/ferien-haus-altesland.de\/wp-content\/uploads\/2023\/03\/FerienhaeuserAltesLandBeiHmburgHeader.jpg&#8220; title_text=&#8220;FerienhaeuserAltesLandBeiHmburgHeader&#8220; force_fullwidth=&#8220;on&#8220; _builder_version=&#8220;4.20.2&#8243; _module_preset=&#8220;default&#8220; global_colors_info=&#8220;{}&#8220;][\/et_pb_image][\/et_pb_column][\/et_pb_row][\/et_pb_section]<\/p>\n","protected":false},"excerpt":{"rendered":"<p>Haus JorkErleben Sie modernes Holzh\u00fctten-Flair in unserem Haus Jork. Das Haus Jork bietet eine gro\u00dfz\u00fcgige Wohnfl\u00e4che von 50qm, welche eine ger\u00e4umige K\u00fcche, eine gem\u00fctliche Sofaecke sowie einen Esstisch f\u00fcr bis zu sechs Personen beinhaltet. Der Schlafbereich ist offen und kann nicht durch eine T\u00fcr verschlossen werden, liegt jedoch dennoch zur\u00fcckgezogen. Selbstversorger k\u00f6nnen die Idylle und [&hellip;]<\/p>\n","protected":false},"author":1,"featured_media":0,"parent":0,"menu_order":0,"comment_status":"closed","ping_status":"closed","template":"","meta":{"_et_pb_use_builder":"on","_et_pb_old_content":"","_et_gb_content_width":"","footnotes":""},"class_list":["post-120","page","type-page","status-publish","hentry"],"yoast_head":"<!-- This site is optimized with the Yoast SEO plugin v27.4 - https:\/\/yoast.com\/product\/yoast-seo-wordpress\/ -->\n<title>Haus Jork - Ferien-Haus Altesland<\/title>\n<meta name=\"robots\" content=\"index, follow, max-snippet:-1, max-image-preview:large, max-video-preview:-1\" \/>\n<link rel=\"canonical\" href=\"https:\/\/ferien-haus-altesland.de\/index.php\/haus-jork\/\" \/>\n<meta property=\"og:locale\" content=\"de_DE\" \/>\n<meta property=\"og:type\" content=\"article\" \/>\n<meta property=\"og:title\" content=\"Haus Jork - Ferien-Haus Altesland\" \/>\n<meta property=\"og:description\" content=\"Haus JorkErleben Sie modernes Holzh\u00fctten-Flair in unserem Haus Jork. Das Haus Jork bietet eine gro\u00dfz\u00fcgige Wohnfl\u00e4che von 50qm, welche eine ger\u00e4umige K\u00fcche, eine gem\u00fctliche Sofaecke sowie einen Esstisch f\u00fcr bis zu sechs Personen beinhaltet. Der Schlafbereich ist offen und kann nicht durch eine T\u00fcr verschlossen werden, liegt jedoch dennoch zur\u00fcckgezogen. Selbstversorger k\u00f6nnen die Idylle und [&hellip;]\" \/>\n<meta property=\"og:url\" content=\"https:\/\/ferien-haus-altesland.de\/index.php\/haus-jork\/\" \/>\n<meta property=\"og:site_name\" content=\"Ferien-Haus Altesland\" \/>\n<meta property=\"article:modified_time\" content=\"2024-06-25T06:33:19+00:00\" \/>\n<meta name=\"twitter:card\" content=\"summary_large_image\" \/>\n<meta name=\"twitter:label1\" content=\"Gesch\u00e4tzte Lesezeit\" \/>\n\t<meta name=\"twitter:data1\" content=\"10\u00a0Minuten\" \/>\n<script type=\"application\/ld+json\" class=\"yoast-schema-graph\">{\"@context\":\"https:\\\/\\\/schema.org\",\"@graph\":[{\"@type\":\"WebPage\",\"@id\":\"https:\\\/\\\/ferien-haus-altesland.de\\\/index.php\\\/haus-jork\\\/\",\"url\":\"https:\\\/\\\/ferien-haus-altesland.de\\\/index.php\\\/haus-jork\\\/\",\"name\":\"Haus Jork - Ferien-Haus Altesland\",\"isPartOf\":{\"@id\":\"https:\\\/\\\/ferien-haus-altesland.de\\\/#website\"},\"datePublished\":\"2023-03-23T10:29:53+00:00\",\"dateModified\":\"2024-06-25T06:33:19+00:00\",\"breadcrumb\":{\"@id\":\"https:\\\/\\\/ferien-haus-altesland.de\\\/index.php\\\/haus-jork\\\/#breadcrumb\"},\"inLanguage\":\"de\",\"potentialAction\":[{\"@type\":\"ReadAction\",\"target\":[\"https:\\\/\\\/ferien-haus-altesland.de\\\/index.php\\\/haus-jork\\\/\"]}]},{\"@type\":\"BreadcrumbList\",\"@id\":\"https:\\\/\\\/ferien-haus-altesland.de\\\/index.php\\\/haus-jork\\\/#breadcrumb\",\"itemListElement\":[{\"@type\":\"ListItem\",\"position\":1,\"name\":\"Startseite\",\"item\":\"https:\\\/\\\/ferien-haus-altesland.de\\\/\"},{\"@type\":\"ListItem\",\"position\":2,\"name\":\"Haus Jork\"}]},{\"@type\":\"WebSite\",\"@id\":\"https:\\\/\\\/ferien-haus-altesland.de\\\/#website\",\"url\":\"https:\\\/\\\/ferien-haus-altesland.de\\\/\",\"name\":\"Ferien-Haus Altesland\",\"description\":\"\",\"publisher\":{\"@id\":\"https:\\\/\\\/ferien-haus-altesland.de\\\/#organization\"},\"potentialAction\":[{\"@type\":\"SearchAction\",\"target\":{\"@type\":\"EntryPoint\",\"urlTemplate\":\"https:\\\/\\\/ferien-haus-altesland.de\\\/?s={search_term_string}\"},\"query-input\":{\"@type\":\"PropertyValueSpecification\",\"valueRequired\":true,\"valueName\":\"search_term_string\"}}],\"inLanguage\":\"de\"},{\"@type\":\"Organization\",\"@id\":\"https:\\\/\\\/ferien-haus-altesland.de\\\/#organization\",\"name\":\"Ferien-Haus Altesland\",\"url\":\"https:\\\/\\\/ferien-haus-altesland.de\\\/\",\"logo\":{\"@type\":\"ImageObject\",\"inLanguage\":\"de\",\"@id\":\"https:\\\/\\\/ferien-haus-altesland.de\\\/#\\\/schema\\\/logo\\\/image\\\/\",\"url\":\"https:\\\/\\\/ferien-haus-altesland.de\\\/wp-content\\\/uploads\\\/2023\\\/03\\\/logo2.png\",\"contentUrl\":\"https:\\\/\\\/ferien-haus-altesland.de\\\/wp-content\\\/uploads\\\/2023\\\/03\\\/logo2.png\",\"width\":400,\"height\":83,\"caption\":\"Ferien-Haus Altesland\"},\"image\":{\"@id\":\"https:\\\/\\\/ferien-haus-altesland.de\\\/#\\\/schema\\\/logo\\\/image\\\/\"}}]}<\/script>\n<!-- \/ Yoast SEO plugin. -->","yoast_head_json":{"title":"Haus Jork - Ferien-Haus Altesland","robots":{"index":"index","follow":"follow","max-snippet":"max-snippet:-1","max-image-preview":"max-image-preview:large","max-video-preview":"max-video-preview:-1"},"canonical":"https:\/\/ferien-haus-altesland.de\/index.php\/haus-jork\/","og_locale":"de_DE","og_type":"article","og_title":"Haus Jork - Ferien-Haus Altesland","og_description":"Haus JorkErleben Sie modernes Holzh\u00fctten-Flair in unserem Haus Jork. Das Haus Jork bietet eine gro\u00dfz\u00fcgige Wohnfl\u00e4che von 50qm, welche eine ger\u00e4umige K\u00fcche, eine gem\u00fctliche Sofaecke sowie einen Esstisch f\u00fcr bis zu sechs Personen beinhaltet. Der Schlafbereich ist offen und kann nicht durch eine T\u00fcr verschlossen werden, liegt jedoch dennoch zur\u00fcckgezogen. Selbstversorger k\u00f6nnen die Idylle und [&hellip;]","og_url":"https:\/\/ferien-haus-altesland.de\/index.php\/haus-jork\/","og_site_name":"Ferien-Haus Altesland","article_modified_time":"2024-06-25T06:33:19+00:00","twitter_card":"summary_large_image","twitter_misc":{"Gesch\u00e4tzte Lesezeit":"10\u00a0Minuten"},"schema":{"@context":"https:\/\/schema.org","@graph":[{"@type":"WebPage","@id":"https:\/\/ferien-haus-altesland.de\/index.php\/haus-jork\/","url":"https:\/\/ferien-haus-altesland.de\/index.php\/haus-jork\/","name":"Haus Jork - Ferien-Haus Altesland","isPartOf":{"@id":"https:\/\/ferien-haus-altesland.de\/#website"},"datePublished":"2023-03-23T10:29:53+00:00","dateModified":"2024-06-25T06:33:19+00:00","breadcrumb":{"@id":"https:\/\/ferien-haus-altesland.de\/index.php\/haus-jork\/#breadcrumb"},"inLanguage":"de","potentialAction":[{"@type":"ReadAction","target":["https:\/\/ferien-haus-altesland.de\/index.php\/haus-jork\/"]}]},{"@type":"BreadcrumbList","@id":"https:\/\/ferien-haus-altesland.de\/index.php\/haus-jork\/#breadcrumb","itemListElement":[{"@type":"ListItem","position":1,"name":"Startseite","item":"https:\/\/ferien-haus-altesland.de\/"},{"@type":"ListItem","position":2,"name":"Haus Jork"}]},{"@type":"WebSite","@id":"https:\/\/ferien-haus-altesland.de\/#website","url":"https:\/\/ferien-haus-altesland.de\/","name":"Ferien-Haus Altesland","description":"","publisher":{"@id":"https:\/\/ferien-haus-altesland.de\/#organization"},"potentialAction":[{"@type":"SearchAction","target":{"@type":"EntryPoint","urlTemplate":"https:\/\/ferien-haus-altesland.de\/?s={search_term_string}"},"query-input":{"@type":"PropertyValueSpecification","valueRequired":true,"valueName":"search_term_string"}}],"inLanguage":"de"},{"@type":"Organization","@id":"https:\/\/ferien-haus-altesland.de\/#organization","name":"Ferien-Haus Altesland","url":"https:\/\/ferien-haus-altesland.de\/","logo":{"@type":"ImageObject","inLanguage":"de","@id":"https:\/\/ferien-haus-altesland.de\/#\/schema\/logo\/image\/","url":"https:\/\/ferien-haus-altesland.de\/wp-content\/uploads\/2023\/03\/logo2.png","contentUrl":"https:\/\/ferien-haus-altesland.de\/wp-content\/uploads\/2023\/03\/logo2.png","width":400,"height":83,"caption":"Ferien-Haus Altesland"},"image":{"@id":"https:\/\/ferien-haus-altesland.de\/#\/schema\/logo\/image\/"}}]}},"_links":{"self":[{"href":"https:\/\/ferien-haus-altesland.de\/index.php\/wp-json\/wp\/v2\/pages\/120","targetHints":{"allow":["GET"]}}],"collection":[{"href":"https:\/\/ferien-haus-altesland.de\/index.php\/wp-json\/wp\/v2\/pages"}],"about":[{"href":"https:\/\/ferien-haus-altesland.de\/index.php\/wp-json\/wp\/v2\/types\/page"}],"author":[{"embeddable":true,"href":"https:\/\/ferien-haus-altesland.de\/index.php\/wp-json\/wp\/v2\/users\/1"}],"replies":[{"embeddable":true,"href":"https:\/\/ferien-haus-altesland.de\/index.php\/wp-json\/wp\/v2\/comments?post=120"}],"version-history":[{"count":10,"href":"https:\/\/ferien-haus-altesland.de\/index.php\/wp-json\/wp\/v2\/pages\/120\/revisions"}],"predecessor-version":[{"id":455,"href":"https:\/\/ferien-haus-altesland.de\/index.php\/wp-json\/wp\/v2\/pages\/120\/revisions\/455"}],"wp:attachment":[{"href":"https:\/\/ferien-haus-altesland.de\/index.php\/wp-json\/wp\/v2\/media?parent=120"}],"curies":[{"name":"wp","href":"https:\/\/api.w.org\/{rel}","templated":true}]}}